{"id":85,"date":"2015-08-15T16:27:11","date_gmt":"2015-08-15T14:27:11","guid":{"rendered":"http:\/\/www.birgit-gruber.at\/bcsk\/?page_id=85"},"modified":"2015-08-17T00:11:47","modified_gmt":"2015-08-16T22:11:47","slug":"turnierergebnisse-2015","status":"publish","type":"page","link":"http:\/\/www.birgit-gruber.at\/bcsk\/turnierergebnisse-2015\/","title":{"rendered":"Turnierergebnisse"},"content":{"rendered":"<table id=\"kltext\" border=\"1\" cellspacing=\"0\" cellpadding=\"0\" align=\"center\">\n<tbody>\n<tr>\n<td><strong>DATUM<\/strong><\/td>\n<td><strong>TURNIER<\/strong><\/td>\n<td><strong>ERGEBNIS<\/strong><\/td>\n<\/tr>\n<tr>\n<td colspan=\"3\" align=\"center\"><strong>2015<\/strong><\/td>\n<\/tr>\n<tr>\n<td>10.01.2015<\/td>\n<td>Boulevard-Turnier &#8211; TEAM<\/td>\n<td><a href=\"http:\/\/www.bridgeaustria.at\/ergebnisse\/turnier\/Boulevard-15_Team_Endstand.htm\">Team<\/a><\/td>\n<\/tr>\n<tr>\n<td>11.01.2015<\/td>\n<td>Boulevard-Turnier &#8211; PAAR<\/td>\n<td><a href=\"http:\/\/www.bridgeaustria.at\/ergebnisse\/turnier\/Boulevard-15_Paar_Endstand.htm\">Paar<\/a><\/td>\n<\/tr>\n<tr>\n<td>28.02.2015<\/td>\n<td>Simultan Paar-LM<\/td>\n<td><a href=\"http:\/\/www.simpairs.com\/localranking.asp?session=004200&amp;ClubId=BCLinzX\" target=\"_blank\">Ergebnis O\u00d6<\/a> \/ <a href=\"http:\/\/www.simpairs.com\/ranking.asp?session=004200&amp;ClubID=Overall&amp;multioverall=y\" target=\"_blank\">Gesamt<\/a><\/td>\n<\/tr>\n<tr>\n<td>11.04. 2015<\/td>\n<td>Springboat<\/td>\n<td><a href=\"http:\/\/www.bridgeaustria.at\/ergebnisse\/turnier\/Springboat-15_Endstand.htm\" target=\"_blank\">Ergebnis<\/a><\/td>\n<\/tr>\n<tr>\n<td>25.04.2015<\/td>\n<td>Maria Erhart Ged\u00e4chtnisturnier<\/td>\n<td><a href=\"http:\/\/www.bridgeaustria.at\/ergebnisse\/turnier\/Innsbruck-15_Endstand.htm\">Ged\u00e4chtnisturnier<\/a><\/td>\n<\/tr>\n<tr>\n<td>15.7.2015<\/td>\n<td>Salzkammergut Bridgetage &#8211; ER\u00d6FFNUNG<\/td>\n<td><a href=\"http:\/\/www.bridgeaustria.at\/ergebnisse\/turnier\/Gmunden-15_Eroeff_Endstand.htm\">Er\u00f6ffnung<\/a><\/td>\n<\/tr>\n<tr>\n<td>16.+17.7.2015<\/td>\n<td>Salzkammergut Bridgetage &#8211; TEAM<\/td>\n<td><a href=\"http:\/\/www.bridgeaustria.at\/ergebnisse\/turnier\/Gmunden-15_Team_Endstand.htm\">Team<\/a><\/td>\n<\/tr>\n<tr>\n<td>18.\/19.7.2015<\/td>\n<td>Salzkammergut Bridgetage &#8211; HAUPTPAAR<\/td>\n<td><a href=\"http:\/\/www.bridgeaustria.at\/ergebnisse\/turnier\/Gmunden-15_Paar_Endstand.htm\">Hauptpaar<\/a><\/td>\n<\/tr>\n<tr>\n<td colspan=\"3\" align=\"center\"><strong>2014<\/strong><\/td>\n<\/tr>\n<tr>\n<td>06.01.2014<\/td>\n<td>Dreik\u00f6nigspokal<\/td>\n<td><a href=\"http:\/\/www.birgit-gruber.at\/bcsk\/wp-content\/uploads\/2015\/08\/Dreikoenigspokal.pdf\">Paarturnier<\/a><\/td>\n<\/tr>\n<tr>\n<td>11.01.2014<\/td>\n<td>Boulevardturnier<\/td>\n<td><a href=\"http:\/\/www.birgit-gruber.at\/bcsk\/wp-content\/uploads\/2015\/08\/Boulevard_Team.pdf\">Teamturnier<\/a><\/td>\n<\/tr>\n<tr>\n<td>12.01.2014<\/td>\n<td>Boulevardturnier<\/td>\n<td><a href=\"http:\/\/www.birgit-gruber.at\/bcsk\/wp-content\/uploads\/2015\/08\/Boulevard_Paar.pdf\">Paarturnier<\/a><\/td>\n<\/tr>\n<tr>\n<td>25.+26.01.2014<\/td>\n<td>\u00d6sterr. Damenpaarmeisterschaft<\/td>\n<td><a href=\"http:\/\/www.birgit-gruber.at\/bcsk\/wp-content\/uploads\/2015\/08\/Boulevard_Paar.pdf\">Damenpaarmeisterschaft<\/a><\/td>\n<\/tr>\n<tr>\n<td>25.+26.01.2014<\/td>\n<td>\u00d6sterr. Herrenpaarmeisterschaft<\/td>\n<td><a href=\"http:\/\/www.birgit-gruber.at\/bcsk\/wp-content\/uploads\/2015\/08\/Herren-Paarmeisterschaft%202014.pdf\">Herrenpaarmeisterschaft<\/a><\/td>\n<\/tr>\n<tr>\n<td>01.03.2014<\/td>\n<td>Simultan Paarlandesmeisterschaft<\/td>\n<td><a href=\"http:\/\/www.birgit-gruber.at\/bcsk\/wp-content\/uploads\/2015\/08\/Simultan-LA2014.pdf\">SimultanLM<\/a><\/td>\n<\/tr>\n<tr>\n<td>25.03.2014<\/td>\n<td>Kitzb\u00fchel Er\u00f6ffmung<\/td>\n<td><a href=\"http:\/\/www.birgit-gruber.at\/bcsk\/wp-content\/uploads\/2015\/08\/Kitzbuehl_Eroeffnung.pdf\">Er\u00f6ffnung<\/a><\/td>\n<\/tr>\n<tr>\n<td>26.03.2014<\/td>\n<td>Kitzb\u00fchel Mixed<\/td>\n<td><a href=\"http:\/\/www.birgit-gruber.at\/bcsk\/wp-content\/uploads\/2015\/08\/Kitzbuehl_Mixed.pdf\">Mixed<\/a><\/td>\n<\/tr>\n<tr>\n<td>27.+28.03.2014<\/td>\n<td>Kitzb\u00fchel Team<\/td>\n<td><a href=\"http:\/\/www.birgit-gruber.at\/bcsk\/wp-content\/uploads\/2015\/08\/Kitzbuehl_Team.pdf\">Team<\/a><\/td>\n<\/tr>\n<tr>\n<td>29.+30.03.2014<\/td>\n<td>Kitzb\u00fchel Hauptpaar<\/td>\n<td><a href=\"http:\/\/www.birgit-gruber.at\/bcsk\/wp-content\/uploads\/2015\/08\/Kitzbuehl_Paar.pdf\">Hauptpaar<\/a><\/td>\n<\/tr>\n<tr>\n<td>05.04.2014<\/td>\n<td>Maria Erhart Ged\u00e4chtnisturnier<\/td>\n<td><a href=\"http:\/\/www.birgit-gruber.at\/bcsk\/wp-content\/uploads\/2015\/08\/Maria_Erhart_Gedaechtnis.pdf\">Ged\u00e4chtnisturnier<\/a><\/td>\n<\/tr>\n<tr>\n<td>01.05.2014<\/td>\n<td>Springboat<\/td>\n<td><a href=\"http:\/\/www.birgit-gruber.at\/bcsk\/wp-content\/uploads\/2015\/08\/Springboat2014.pdf\">Endergebnis<\/a><\/td>\n<\/tr>\n<tr>\n<td>02.-04.05.2014<\/td>\n<td>\u00d6sterreichische Teammeisterschaft &#8211; Endergebnis<\/td>\n<td><a href=\"http:\/\/www.birgit-gruber.at\/bcsk\/wp-content\/uploads\/2015\/08\/OeTMS-2014_Endstand.pdf\">Endergebnis<\/a><\/td>\n<\/tr>\n<tr>\n<td>02.-04.05.2014<\/td>\n<td>\u00d6sterreichische Teammeisterschaft &#8211; Meisterpunkte<\/td>\n<td><a href=\"http:\/\/www.birgit-gruber.at\/bcsk\/wp-content\/uploads\/2015\/08\/OeTMS-2014_MPjeSpieler.pdf\">Meisterpunkte<\/a><\/td>\n<\/tr>\n<tr>\n<td>02.-04.05.2014<\/td>\n<td>\u00d6sterreichische Teammeisterschaft &#8211; Rundenergebnisse<\/td>\n<td><a href=\"http:\/\/www.birgit-gruber.at\/bcsk\/wp-content\/uploads\/2015\/08\/OeTMS-2014_Rundenergebnisse.pdf\">Rundenergebnisse<\/a><\/td>\n<\/tr>\n<tr>\n<td>09.07.2014<\/td>\n<td>Salzkammergut Bridgetage &#8211; Er\u00f6ffnung<\/td>\n<td><a href=\"http:\/\/www.birgit-gruber.at\/bcsk\/wp-content\/uploads\/2015\/08\/Salzkammergut_Bridgetage_Eroeffnung.pdf\">Er\u00f6ffnung<\/a><\/td>\n<\/tr>\n<tr>\n<td>10.\/11.07.2014<\/td>\n<td>Salzkammergut Bridgetage &#8211; Team<\/td>\n<td><a href=\"http:\/\/www.birgit-gruber.at\/bcsk\/wp-content\/uploads\/2015\/08\/Salzkammergut_Bridgetage_Team.pdf\">Team<\/a><\/td>\n<\/tr>\n<tr>\n<td>12.+13.07.2014<\/td>\n<td>Salzkammergut Bridgetage &#8211; Hauptpaar<\/td>\n<td><a href=\"http:\/\/www.birgit-gruber.at\/bcsk\/wp-content\/uploads\/2015\/08\/Salzkammergut_Bridgetage_Hauptpaar.pdf\">Hauptpaar<\/a><\/td>\n<\/tr>\n<tr>\n<td>23.08.2014<\/td>\n<td>Pipi &amp; Peter Kriftner Memorial<\/td>\n<td><a href=\"http:\/\/www.birgit-gruber.at\/bcsk\/wp-content\/uploads\/2015\/08\/PPKM_Endergebnis.pdf\">Endergebnis<\/a><\/td>\n<\/tr>\n<tr>\n<td>13.09.2014<\/td>\n<td>Bridge in Wels<\/td>\n<td><a href=\"http:\/\/www.birgit-gruber.at\/bcsk\/wp-content\/uploads\/2015\/08\/Bridge_in_Wels_2014.pdf\">Endergebnis<\/a><\/td>\n<\/tr>\n<tr>\n<td>19.09.2014<\/td>\n<td>bridge@linz &#8211; Mixed<\/td>\n<td><a href=\"http:\/\/www.birgit-gruber.at\/bcsk\/wp-content\/uploads\/2015\/08\/bridge_linz_Mixed.pdf\">Mixed<\/a><\/td>\n<\/tr>\n<tr>\n<td>20.09.2014<\/td>\n<td>bridge@linz &#8211; Team<\/td>\n<td><a href=\"http:\/\/www.birgit-gruber.at\/bcsk\/wp-content\/uploads\/2015\/08\/bridge_linz_Team.pdf\">Team<\/a><\/td>\n<\/tr>\n<tr>\n<td>21.09.2014<\/td>\n<td>bridge@linz &#8211; Paar<\/td>\n<td><a href=\"http:\/\/www.birgit-gruber.at\/bcsk\/wp-content\/uploads\/2015\/08\/bridge_linz_Paar.pdf\">Paar<\/a><\/td>\n<\/tr>\n<\/tbody>\n<\/table>\n<p>&nbsp;<\/p>\n","protected":false},"excerpt":{"rendered":"<p>DATUM TURNIER ERGEBNIS 2015 10.01.2015 Boulevard-Turnier &#8211; TEAM Team 11.01.2015 Boulevard-Turnier &#8211; PAAR Paar 28.02.2015 Simultan Paar-LM Ergebnis O\u00d6 \/ Gesamt 11.04. 2015 Springboat Ergebnis 25.04.2015 Maria Erhart Ged\u00e4chtnisturnier Ged\u00e4chtnisturnier 15.7.2015 Salzkammergut Bridgetage &#8211; ER\u00d6FFNUNG Er\u00f6ffnung 16.+17.7.2015 Salzkammergut Bridgetage &#8211; TEAM Team 18.\/19.7.2015 Salzkammergut Bridgetage &#8211; HAUPTPAAR Hauptpaar 2014 06.01.2014 Dreik\u00f6nigspokal Paarturnier 11.01.2014 Boulevardturnier Teamturnier &hellip; <a href=\"http:\/\/www.birgit-gruber.at\/bcsk\/turnierergebnisse-2015\/\" class=\"more-link\"><span class=\"screen-reader-text\">Turnierergebnisse<\/span> weiterlesen<\/a><\/p>\n","protected":false},"author":1,"featured_media":0,"parent":0,"menu_order":0,"comment_status":"closed","ping_status":"closed","template":"","meta":{"footnotes":""},"_links":{"self":[{"href":"http:\/\/www.birgit-gruber.at\/bcsk\/wp-json\/wp\/v2\/pages\/85"}],"collection":[{"href":"http:\/\/www.birgit-gruber.at\/bcsk\/wp-json\/wp\/v2\/pages"}],"about":[{"href":"http:\/\/www.birgit-gruber.at\/bcsk\/wp-json\/wp\/v2\/types\/page"}],"author":[{"embeddable":true,"href":"http:\/\/www.birgit-gruber.at\/bcsk\/wp-json\/wp\/v2\/users\/1"}],"replies":[{"embeddable":true,"href":"http:\/\/www.birgit-gruber.at\/bcsk\/wp-json\/wp\/v2\/comments?post=85"}],"version-history":[{"count":0,"href":"http:\/\/www.birgit-gruber.at\/bcsk\/wp-json\/wp\/v2\/pages\/85\/revisions"}],"wp:attachment":[{"href":"http:\/\/www.birgit-gruber.at\/bcsk\/wp-json\/wp\/v2\/media?parent=85"}],"curies":[{"name":"wp","href":"https:\/\/api.w.org\/{rel}","templated":true}]}}